{"id":4435,"date":"2024-03-04T11:18:58","date_gmt":"2024-03-04T14:18:58","guid":{"rendered":"https:\/\/transparencia.detran.rr.gov.br\/?page_id=4435"},"modified":"2024-06-19T11:42:05","modified_gmt":"2024-06-19T14:42:05","slug":"arrecadacao_","status":"publish","type":"page","link":"https:\/\/transparencia.detran.rr.gov.br\/index.php\/arrecadacao_\/","title":{"rendered":"Arrecada\u00e7\u00e3o"},"content":{"rendered":"\t\t<div data-elementor-type=\"wp-page\" data-elementor-id=\"4435\" class=\"elementor elementor-4435\" data-elementor-post-type=\"page\">\n\t\t\t\t<div class=\"elementor-element elementor-element-11073ae0 e-flex e-con-boxed e-con e-parent\" data-id=\"11073ae0\" data-element_type=\"container\" data-settings=\"{&quot;background_background&quot;:&quot;gradient&quot;}\">\n\t\t\t\t\t<div class=\"e-con-inner\">\n\t\t\t\t<div class=\"elementor-element elementor-element-52b5243a elementor-widget elementor-widget-heading\" data-id=\"52b5243a\" data-element_type=\"widget\" data-widget_type=\"heading.default\">\n\t\t\t\t<div class=\"elementor-widget-container\">\n\t\t\t\t\t<h3 class=\"elementor-heading-title elementor-size-default\">ARRECADA\u00c7\u00c3O<\/h3>\t\t\t\t<\/div>\n\t\t\t\t<\/div>\n\t\t\t\t\t<\/div>\n\t\t\t\t<\/div>\n\t\t<div class=\"elementor-element elementor-element-1c23e25e e-flex e-con-boxed e-con e-parent\" data-id=\"1c23e25e\" data-element_type=\"container\">\n\t\t\t\t\t<div class=\"e-con-inner\">\n\t\t\t\t<div class=\"elementor-element elementor-element-2361c91e elementor-widget elementor-widget-text-editor\" data-id=\"2361c91e\" data-element_type=\"widget\" data-widget_type=\"text-editor.default\">\n\t\t\t\t<div class=\"elementor-widget-container\">\n\t\t\t\t\t\t\t\t\t<p><strong>Selecione o filtro abaixo ou clique direto em download para baixar o arquivo desejado<\/strong><\/p>\t\t\t\t\t\t\t\t<\/div>\n\t\t\t\t<\/div>\n\t\t\t\t<div class=\"elementor-element elementor-element-244add41 jet-smart-filter-group-position-line elementor-widget__width-initial jet-smart-filter-content-position-column elementor-widget elementor-widget-jet-smart-filters-select\" data-id=\"244add41\" data-element_type=\"widget\" data-widget_type=\"jet-smart-filters-select.default\">\n\t\t\t\t<div class=\"elementor-widget-container\">\n\t\t\t\t\t<div class=\"jet-smart-filters-hierarchy jet-filter \" data-indexer-rule=\"show\" data-show-counter=\"\" data-change-counter=\"always\"><div class=\"jet-filters-group\">\n<div class=\"jet-select\" data-query-type=\"tax_query\" data-query-var=\"ano-arrecadacao\" data-smart-filter=\"select\" data-filter-id=\"4468\" data-apply-type=\"ajax\" data-content-provider=\"jet-engine\" data-additional-providers=\"\" data-query-id=\"default\" data-active-label=\"\" data-layout-options=\"{&quot;show_label&quot;:&quot;&quot;,&quot;display_options&quot;:{&quot;show_items_label&quot;:false,&quot;show_decorator&quot;:false,&quot;filter_image_size&quot;:&quot;full&quot;,&quot;show_counter&quot;:false}}\" data-query-var-suffix=\"\" data-apply-on=\"value\" data-hierarchical=\"1\">\n\t\t\t\t<select\n\t\t\tclass=\"jet-select__control depth-0\"\n\t\t\tname=\"ano-arrecadacao\"\n\t\t\t\t\t\taria-label=\"Ano-Mes-Arrecadacao\"\n\t\t>\n\t\t\t\t\t<option value=\"\">Selecione o Ano<\/option>\n\t\t\n\t\t\t\t\t<option\n\t\t\t\tvalue=\"44\"\n\t\t\t\tdata-label=\"2024\"\n\t\t\t\tdata-counter-prefix=\"\"\n\t\t\t\tdata-counter-suffix=\"\"\n\t\t\t\t\t\t\t\t\t\t\t>2024<\/option>\n\t\t\t<\/select>\n\t<\/div>\n<div class=\"jet-select\" data-query-type=\"tax_query\" data-query-var=\"mes-arrecadacao\" data-smart-filter=\"select\" data-filter-id=\"4468\" data-apply-type=\"ajax\" data-content-provider=\"jet-engine\" data-additional-providers=\"\" data-query-id=\"default\" data-active-label=\"\" data-layout-options=\"{&quot;show_label&quot;:&quot;&quot;,&quot;display_options&quot;:{&quot;show_items_label&quot;:false,&quot;show_decorator&quot;:false,&quot;filter_image_size&quot;:&quot;full&quot;,&quot;show_counter&quot;:false}}\" data-query-var-suffix=\"\" data-apply-on=\"value\" data-hierarchical=\"1\">\n\t\t\t\t<select\n\t\t\tclass=\"jet-select__control depth-1\"\n\t\t\tname=\"mes-arrecadacao\"\n\t\t\t\t\t\taria-label=\"Ano-Mes-Arrecadacao\"\n\t\t>\n\t\t\t\t\t<option value=\"\">Selecione o M\u00eas<\/option>\n\t\t\n\t\t<\/select>\n\t<\/div>\n<\/div>\n<\/div>\t\t\t\t<\/div>\n\t\t\t\t<\/div>\n\t\t\t\t\t<\/div>\n\t\t\t\t<\/div>\n\t\t<div class=\"elementor-element elementor-element-2cfc5883 e-flex e-con-boxed e-con e-parent\" data-id=\"2cfc5883\" data-element_type=\"container\">\n\t\t\t\t\t<div class=\"e-con-inner\">\n\t\t\t\t<div class=\"elementor-element elementor-element-643d5187 elementor-widget elementor-widget-jet-listing-grid\" data-id=\"643d5187\" data-element_type=\"widget\" data-settings=\"{&quot;columns&quot;:&quot;1&quot;}\" data-widget_type=\"jet-listing-grid.default\">\n\t\t\t\t<div class=\"elementor-widget-container\">\n\t\t\t\t\t<div class=\"jet-listing-grid jet-listing\"><div class=\"jet-listing-grid__items grid-col-desk-1 grid-col-tablet-1 grid-col-mobile-1 jet-listing-grid--4448\" data-queried-id=\"4435|WP_Post\" data-nav=\"{&quot;enabled&quot;:false,&quot;type&quot;:null,&quot;more_el&quot;:null,&quot;query&quot;:[],&quot;widget_settings&quot;:{&quot;lisitng_id&quot;:4448,&quot;posts_num&quot;:12,&quot;columns&quot;:1,&quot;columns_tablet&quot;:1,&quot;columns_mobile&quot;:1,&quot;column_min_width&quot;:240,&quot;column_min_width_tablet&quot;:240,&quot;column_min_width_mobile&quot;:240,&quot;inline_columns_css&quot;:false,&quot;is_archive_template&quot;:&quot;&quot;,&quot;post_status&quot;:[&quot;publish&quot;],&quot;use_random_posts_num&quot;:&quot;&quot;,&quot;max_posts_num&quot;:9,&quot;not_found_message&quot;:&quot;No data was found&quot;,&quot;is_masonry&quot;:false,&quot;equal_columns_height&quot;:&quot;&quot;,&quot;use_load_more&quot;:&quot;&quot;,&quot;load_more_id&quot;:&quot;&quot;,&quot;load_more_type&quot;:&quot;click&quot;,&quot;load_more_offset&quot;:{&quot;unit&quot;:&quot;px&quot;,&quot;size&quot;:0,&quot;sizes&quot;:[]},&quot;use_custom_post_types&quot;:&quot;&quot;,&quot;custom_post_types&quot;:[],&quot;hide_widget_if&quot;:&quot;&quot;,&quot;carousel_enabled&quot;:&quot;&quot;,&quot;slides_to_scroll&quot;:&quot;1&quot;,&quot;arrows&quot;:&quot;true&quot;,&quot;arrow_icon&quot;:&quot;fa fa-angle-left&quot;,&quot;dots&quot;:&quot;&quot;,&quot;autoplay&quot;:&quot;true&quot;,&quot;pause_on_hover&quot;:&quot;true&quot;,&quot;autoplay_speed&quot;:5000,&quot;infinite&quot;:&quot;true&quot;,&quot;center_mode&quot;:&quot;&quot;,&quot;effect&quot;:&quot;slide&quot;,&quot;speed&quot;:500,&quot;inject_alternative_items&quot;:&quot;&quot;,&quot;injection_items&quot;:[],&quot;scroll_slider_enabled&quot;:&quot;&quot;,&quot;scroll_slider_on&quot;:[&quot;desktop&quot;,&quot;tablet&quot;,&quot;mobile&quot;],&quot;custom_query&quot;:false,&quot;custom_query_id&quot;:&quot;&quot;,&quot;_element_id&quot;:&quot;&quot;,&quot;collapse_first_last_gap&quot;:false,&quot;list_tag_selection&quot;:&quot;&quot;,&quot;list_items_wrapper_tag&quot;:&quot;div&quot;,&quot;list_item_tag&quot;:&quot;div&quot;,&quot;empty_items_wrapper_tag&quot;:&quot;div&quot;}}\" data-page=\"1\" data-pages=\"1\" data-listing-source=\"posts\" data-listing-id=\"4448\" data-query-id=\"\"><div class=\"jet-listing-grid__item jet-listing-dynamic-post-4442\" data-post-id=\"4442\"  >\t\t<div data-elementor-type=\"jet-listing-items\" data-elementor-id=\"4448\" class=\"elementor elementor-4448\" data-elementor-post-type=\"jet-engine\">\n\t\t\t\t<div class=\"elementor-element elementor-element-1c93970f e-flex e-con-boxed e-con e-parent\" data-id=\"1c93970f\" data-element_type=\"container\">\n\t\t\t\t\t<div class=\"e-con-inner\">\n\t\t<div class=\"elementor-element elementor-element-19f6a784 e-con-full e-flex e-con e-child\" data-id=\"19f6a784\" data-element_type=\"container\">\n\t\t\t\t<div class=\"elementor-element elementor-element-27fab28e elementor-align-justify elementor-widget elementor-widget-button\" data-id=\"27fab28e\" data-element_type=\"widget\" data-widget_type=\"button.default\">\n\t\t\t\t<div class=\"elementor-widget-container\">\n\t\t\t\t\t\t\t\t\t<div class=\"elementor-button-wrapper\">\n\t\t\t\t\t<a class=\"elementor-button elementor-button-link elementor-size-sm\" href=\"https:\/\/transparencia.detran.rr.gov.br\/wp-content\/uploads\/2024\/02\/aryel_dos_santos_franca_full_version_time_tracking_for_fevereiro_2024_to_fevereiro_2024.pdf\" target=\"_blank\">\n\t\t\t\t\t\t<span class=\"elementor-button-content-wrapper\">\n\t\t\t\t\t\t<span class=\"elementor-button-icon\">\n\t\t\t\t<svg aria-hidden=\"true\" class=\"e-font-icon-svg e-fas-arrow-alt-circle-down\" viewBox=\"0 0 512 512\" xmlns=\"http:\/\/www.w3.org\/2000\/svg\"><path d=\"M504 256c0 137-111 248-248 248S8 393 8 256 119 8 256 8s248 111 248 248zM212 140v116h-70.9c-10.7 0-16.1 13-8.5 20.5l114.9 114.3c4.7 4.7 12.2 4.7 16.9 0l114.9-114.3c7.6-7.6 2.2-20.5-8.5-20.5H300V140c0-6.6-5.4-12-12-12h-64c-6.6 0-12 5.4-12 12z\"><\/path><\/svg>\t\t\t<\/span>\n\t\t\t\t\t\t\t\t\t<span class=\"elementor-button-text\">DOWNLOAD<\/span>\n\t\t\t\t\t<\/span>\n\t\t\t\t\t<\/a>\n\t\t\t\t<\/div>\n\t\t\t\t\t\t\t\t<\/div>\n\t\t\t\t<\/div>\n\t\t\t\t<\/div>\n\t\t<div class=\"elementor-element elementor-element-25894aba e-con-full e-flex e-con e-child\" data-id=\"25894aba\" data-element_type=\"container\">\n\t\t\t\t<div class=\"elementor-element elementor-element-48c41332 elementor-widget elementor-widget-heading\" data-id=\"48c41332\" data-element_type=\"widget\" data-widget_type=\"heading.default\">\n\t\t\t\t<div class=\"elementor-widget-container\">\n\t\t\t\t\t<h5 class=\"elementor-heading-title elementor-size-default\">Teste arrecada\u00e7\u00e3o 2<\/h5>\t\t\t\t<\/div>\n\t\t\t\t<\/div>\n\t\t\t\t<\/div>\n\t\t<div class=\"elementor-element elementor-element-68106822 e-con-full e-flex e-con e-child\" data-id=\"68106822\" data-element_type=\"container\">\n\t\t\t\t<div class=\"elementor-element elementor-element-4cc80f2c elementor-widget__width-initial elementor-widget elementor-widget-heading\" data-id=\"4cc80f2c\" data-element_type=\"widget\" data-widget_type=\"heading.default\">\n\t\t\t\t<div class=\"elementor-widget-container\">\n\t\t\t\t\t<h5 class=\"elementor-heading-title elementor-size-default\">M\u00eas: Abril<\/h5>\t\t\t\t<\/div>\n\t\t\t\t<\/div>\n\t\t\t\t<div class=\"elementor-element elementor-element-78eb14ab elementor-widget__width-initial elementor-widget elementor-widget-heading\" data-id=\"78eb14ab\" data-element_type=\"widget\" data-widget_type=\"heading.default\">\n\t\t\t\t<div class=\"elementor-widget-container\">\n\t\t\t\t\t<h5 class=\"elementor-heading-title elementor-size-default\">Ano: 2024<\/h5>\t\t\t\t<\/div>\n\t\t\t\t<\/div>\n\t\t\t\t<\/div>\n\t\t\t\t\t<\/div>\n\t\t\t\t<\/div>\n\t\t\t\t<\/div>\n\t\t<\/div><div class=\"jet-listing-grid__item jet-listing-dynamic-post-4439\" data-post-id=\"4439\"  >\t\t<div data-elementor-type=\"jet-listing-items\" data-elementor-id=\"4448\" class=\"elementor elementor-4448\" data-elementor-post-type=\"jet-engine\">\n\t\t\t\t<div class=\"elementor-element elementor-element-1c93970f e-flex e-con-boxed e-con e-parent\" data-id=\"1c93970f\" data-element_type=\"container\">\n\t\t\t\t\t<div class=\"e-con-inner\">\n\t\t<div class=\"elementor-element elementor-element-19f6a784 e-con-full e-flex e-con e-child\" data-id=\"19f6a784\" data-element_type=\"container\">\n\t\t\t\t<div class=\"elementor-element elementor-element-27fab28e elementor-align-justify elementor-widget elementor-widget-button\" data-id=\"27fab28e\" data-element_type=\"widget\" data-widget_type=\"button.default\">\n\t\t\t\t<div class=\"elementor-widget-container\">\n\t\t\t\t\t\t\t\t\t<div class=\"elementor-button-wrapper\">\n\t\t\t\t\t<a class=\"elementor-button elementor-button-link elementor-size-sm\" href=\"https:\/\/transparencia.detran.rr.gov.br\/wp-content\/uploads\/2024\/03\/LOGO_FER_ATUALIZADA.pdf\" target=\"_blank\">\n\t\t\t\t\t\t<span class=\"elementor-button-content-wrapper\">\n\t\t\t\t\t\t<span class=\"elementor-button-icon\">\n\t\t\t\t<svg aria-hidden=\"true\" class=\"e-font-icon-svg e-fas-arrow-alt-circle-down\" viewBox=\"0 0 512 512\" xmlns=\"http:\/\/www.w3.org\/2000\/svg\"><path d=\"M504 256c0 137-111 248-248 248S8 393 8 256 119 8 256 8s248 111 248 248zM212 140v116h-70.9c-10.7 0-16.1 13-8.5 20.5l114.9 114.3c4.7 4.7 12.2 4.7 16.9 0l114.9-114.3c7.6-7.6 2.2-20.5-8.5-20.5H300V140c0-6.6-5.4-12-12-12h-64c-6.6 0-12 5.4-12 12z\"><\/path><\/svg>\t\t\t<\/span>\n\t\t\t\t\t\t\t\t\t<span class=\"elementor-button-text\">DOWNLOAD<\/span>\n\t\t\t\t\t<\/span>\n\t\t\t\t\t<\/a>\n\t\t\t\t<\/div>\n\t\t\t\t\t\t\t\t<\/div>\n\t\t\t\t<\/div>\n\t\t\t\t<\/div>\n\t\t<div class=\"elementor-element elementor-element-25894aba e-con-full e-flex e-con e-child\" data-id=\"25894aba\" data-element_type=\"container\">\n\t\t\t\t<div class=\"elementor-element elementor-element-48c41332 elementor-widget elementor-widget-heading\" data-id=\"48c41332\" data-element_type=\"widget\" data-widget_type=\"heading.default\">\n\t\t\t\t<div class=\"elementor-widget-container\">\n\t\t\t\t\t<h5 class=\"elementor-heading-title elementor-size-default\">Teste arrecada\u00e7\u00e3o<\/h5>\t\t\t\t<\/div>\n\t\t\t\t<\/div>\n\t\t\t\t<\/div>\n\t\t<div class=\"elementor-element elementor-element-68106822 e-con-full e-flex e-con e-child\" data-id=\"68106822\" data-element_type=\"container\">\n\t\t\t\t<div class=\"elementor-element elementor-element-4cc80f2c elementor-widget__width-initial elementor-widget elementor-widget-heading\" data-id=\"4cc80f2c\" data-element_type=\"widget\" data-widget_type=\"heading.default\">\n\t\t\t\t<div class=\"elementor-widget-container\">\n\t\t\t\t\t<h5 class=\"elementor-heading-title elementor-size-default\">M\u00eas: Mar\u00e7o<\/h5>\t\t\t\t<\/div>\n\t\t\t\t<\/div>\n\t\t\t\t<div class=\"elementor-element elementor-element-78eb14ab elementor-widget__width-initial elementor-widget elementor-widget-heading\" data-id=\"78eb14ab\" data-element_type=\"widget\" data-widget_type=\"heading.default\">\n\t\t\t\t<div class=\"elementor-widget-container\">\n\t\t\t\t\t<h5 class=\"elementor-heading-title elementor-size-default\">Ano: 2024<\/h5>\t\t\t\t<\/div>\n\t\t\t\t<\/div>\n\t\t\t\t<\/div>\n\t\t\t\t\t<\/div>\n\t\t\t\t<\/div>\n\t\t\t\t<\/div>\n\t\t<\/div><\/div><\/div>\t\t\t\t<\/div>\n\t\t\t\t<\/div>\n\t\t\t\t<div class=\"elementor-element elementor-element-36254402 elementor-widget elementor-widget-jet-smart-filters-pagination\" data-id=\"36254402\" data-element_type=\"widget\" data-widget_type=\"jet-smart-filters-pagination.default\">\n\t\t\t\t<div class=\"elementor-widget-container\">\n\t\t\t\t\t<div\n\t\t\t\tclass=\"jet-smart-filters-pagination jet-filter\"\n\t\t\t\tdata-apply-provider=\"jet-engine\"\n\t\t\t\tdata-content-provider=\"jet-engine\"\n\t\t\t\tdata-query-id=\"default\"\n\t\t\t\tdata-controls=\"{&quot;items_enabled&quot;:true,&quot;pages_mid_size&quot;:0,&quot;pages_end_size&quot;:0,&quot;nav_enabled&quot;:true,&quot;prev&quot;:&quot;ANTERIOR&quot;,&quot;next&quot;:&quot;PR\\u00d3XIMO&quot;,&quot;hide_inactive_nav&quot;:true,&quot;load_more_enabled&quot;:false,&quot;provider_top_offset&quot;:0}\"\n\t\t\t\tdata-apply-type=\"ajax\"\n\t\t\t><\/div>\t\t\t\t<\/div>\n\t\t\t\t<\/div>\n\t\t\t\t\t<\/div>\n\t\t\t\t<\/div>\n\t\t\t\t<\/div>\n\t\t","protected":false},"excerpt":{"rendered":"<p>ARRECADA\u00c7\u00c3O Selecione o filtro abaixo ou clique direto em download para baixar o arquivo desejado Selecione o Ano2024 Selecione o M\u00eas DOWNLOAD DOWNLOAD<\/p>\n","protected":false},"author":1,"featured_media":0,"parent":0,"menu_order":7,"comment_status":"closed","ping_status":"closed","template":"","meta":{"footnotes":""},"folder":[],"class_list":["post-4435","page","type-page","status-publish","hentry"],"yoast_head":"<!-- This site is optimized with the Yoast SEO Premium plugin v22.1 (Yoast SEO v26.7) - https:\/\/yoast.com\/wordpress\/plugins\/seo\/ -->\n<title>Arrecada\u00e7\u00e3o - Portal da Transpar\u00eancia<\/title>\n<meta name=\"robots\" content=\"index, follow, max-snippet:-1, max-image-preview:large, max-video-preview:-1\" \/>\n<link rel=\"canonical\" href=\"https:\/\/transparencia.detran.rr.gov.br\/index.php\/arrecadacao_\/\" \/>\n<meta property=\"og:locale\" content=\"pt_BR\" \/>\n<meta property=\"og:type\" content=\"article\" \/>\n<meta property=\"og:title\" content=\"Arrecada\u00e7\u00e3o\" \/>\n<meta property=\"og:description\" content=\"ARRECADA\u00c7\u00c3O Selecione o filtro abaixo ou clique direto em download para baixar o arquivo desejado Selecione o Ano2024 Selecione o M\u00eas DOWNLOAD DOWNLOAD\" \/>\n<meta property=\"og:url\" content=\"https:\/\/transparencia.detran.rr.gov.br\/index.php\/arrecadacao_\/\" \/>\n<meta property=\"og:site_name\" content=\"Portal da Transpar\u00eancia\" \/>\n<meta property=\"article:modified_time\" content=\"2024-06-19T14:42:05+00:00\" \/>\n<meta name=\"twitter:card\" content=\"summary_large_image\" \/>\n<meta name=\"twitter:label1\" content=\"Est. tempo de leitura\" \/>\n\t<meta name=\"twitter:data1\" content=\"1 minuto\" \/>\n<script type=\"application\/ld+json\" class=\"yoast-schema-graph\">{\"@context\":\"https:\/\/schema.org\",\"@graph\":[{\"@type\":\"WebPage\",\"@id\":\"https:\/\/transparencia.detran.rr.gov.br\/index.php\/arrecadacao_\/\",\"url\":\"https:\/\/transparencia.detran.rr.gov.br\/index.php\/arrecadacao_\/\",\"name\":\"Arrecada\u00e7\u00e3o - Portal da Transpar\u00eancia\",\"isPartOf\":{\"@id\":\"https:\/\/transparencia.detran.rr.gov.br\/#website\"},\"datePublished\":\"2024-03-04T14:18:58+00:00\",\"dateModified\":\"2024-06-19T14:42:05+00:00\",\"breadcrumb\":{\"@id\":\"https:\/\/transparencia.detran.rr.gov.br\/index.php\/arrecadacao_\/#breadcrumb\"},\"inLanguage\":\"pt-BR\",\"potentialAction\":[{\"@type\":\"ReadAction\",\"target\":[\"https:\/\/transparencia.detran.rr.gov.br\/index.php\/arrecadacao_\/\"]}]},{\"@type\":\"BreadcrumbList\",\"@id\":\"https:\/\/transparencia.detran.rr.gov.br\/index.php\/arrecadacao_\/#breadcrumb\",\"itemListElement\":[{\"@type\":\"ListItem\",\"position\":1,\"name\":\"In\u00edcio\",\"item\":\"https:\/\/transparencia.detran.rr.gov.br\/\"},{\"@type\":\"ListItem\",\"position\":2,\"name\":\"Arrecada\u00e7\u00e3o\"}]},{\"@type\":\"WebSite\",\"@id\":\"https:\/\/transparencia.detran.rr.gov.br\/#website\",\"url\":\"https:\/\/transparencia.detran.rr.gov.br\/\",\"name\":\"Portal da Transpar\u00eancia\",\"description\":\"\",\"publisher\":{\"@id\":\"https:\/\/transparencia.detran.rr.gov.br\/#organization\"},\"potentialAction\":[{\"@type\":\"SearchAction\",\"target\":{\"@type\":\"EntryPoint\",\"urlTemplate\":\"https:\/\/transparencia.detran.rr.gov.br\/?s={search_term_string}\"},\"query-input\":{\"@type\":\"PropertyValueSpecification\",\"valueRequired\":true,\"valueName\":\"search_term_string\"}}],\"inLanguage\":\"pt-BR\"},{\"@type\":\"Organization\",\"@id\":\"https:\/\/transparencia.detran.rr.gov.br\/#organization\",\"name\":\"Portal da Transpar\u00eancia\",\"url\":\"https:\/\/transparencia.detran.rr.gov.br\/\",\"logo\":{\"@type\":\"ImageObject\",\"inLanguage\":\"pt-BR\",\"@id\":\"https:\/\/transparencia.detran.rr.gov.br\/#\/schema\/logo\/image\/\",\"url\":\"https:\/\/transparencia.detran.rr.gov.br\/wp-content\/uploads\/2024\/03\/logotipo-detran-rr-1.png\",\"contentUrl\":\"https:\/\/transparencia.detran.rr.gov.br\/wp-content\/uploads\/2024\/03\/logotipo-detran-rr-1.png\",\"width\":375,\"height\":81,\"caption\":\"Portal da Transpar\u00eancia\"},\"image\":{\"@id\":\"https:\/\/transparencia.detran.rr.gov.br\/#\/schema\/logo\/image\/\"},\"sameAs\":[\"https:\/\/www.instagram.com\/detranrr\/\"]}]}<\/script>\n<!-- \/ Yoast SEO Premium plugin. -->","yoast_head_json":{"title":"Arrecada\u00e7\u00e3o - Portal da Transpar\u00eancia","robots":{"index":"index","follow":"follow","max-snippet":"max-snippet:-1","max-image-preview":"max-image-preview:large","max-video-preview":"max-video-preview:-1"},"canonical":"https:\/\/transparencia.detran.rr.gov.br\/index.php\/arrecadacao_\/","og_locale":"pt_BR","og_type":"article","og_title":"Arrecada\u00e7\u00e3o","og_description":"ARRECADA\u00c7\u00c3O Selecione o filtro abaixo ou clique direto em download para baixar o arquivo desejado Selecione o Ano2024 Selecione o M\u00eas DOWNLOAD DOWNLOAD","og_url":"https:\/\/transparencia.detran.rr.gov.br\/index.php\/arrecadacao_\/","og_site_name":"Portal da Transpar\u00eancia","article_modified_time":"2024-06-19T14:42:05+00:00","twitter_card":"summary_large_image","twitter_misc":{"Est. tempo de leitura":"1 minuto"},"schema":{"@context":"https:\/\/schema.org","@graph":[{"@type":"WebPage","@id":"https:\/\/transparencia.detran.rr.gov.br\/index.php\/arrecadacao_\/","url":"https:\/\/transparencia.detran.rr.gov.br\/index.php\/arrecadacao_\/","name":"Arrecada\u00e7\u00e3o - Portal da Transpar\u00eancia","isPartOf":{"@id":"https:\/\/transparencia.detran.rr.gov.br\/#website"},"datePublished":"2024-03-04T14:18:58+00:00","dateModified":"2024-06-19T14:42:05+00:00","breadcrumb":{"@id":"https:\/\/transparencia.detran.rr.gov.br\/index.php\/arrecadacao_\/#breadcrumb"},"inLanguage":"pt-BR","potentialAction":[{"@type":"ReadAction","target":["https:\/\/transparencia.detran.rr.gov.br\/index.php\/arrecadacao_\/"]}]},{"@type":"BreadcrumbList","@id":"https:\/\/transparencia.detran.rr.gov.br\/index.php\/arrecadacao_\/#breadcrumb","itemListElement":[{"@type":"ListItem","position":1,"name":"In\u00edcio","item":"https:\/\/transparencia.detran.rr.gov.br\/"},{"@type":"ListItem","position":2,"name":"Arrecada\u00e7\u00e3o"}]},{"@type":"WebSite","@id":"https:\/\/transparencia.detran.rr.gov.br\/#website","url":"https:\/\/transparencia.detran.rr.gov.br\/","name":"Portal da Transpar\u00eancia","description":"","publisher":{"@id":"https:\/\/transparencia.detran.rr.gov.br\/#organization"},"potentialAction":[{"@type":"SearchAction","target":{"@type":"EntryPoint","urlTemplate":"https:\/\/transparencia.detran.rr.gov.br\/?s={search_term_string}"},"query-input":{"@type":"PropertyValueSpecification","valueRequired":true,"valueName":"search_term_string"}}],"inLanguage":"pt-BR"},{"@type":"Organization","@id":"https:\/\/transparencia.detran.rr.gov.br\/#organization","name":"Portal da Transpar\u00eancia","url":"https:\/\/transparencia.detran.rr.gov.br\/","logo":{"@type":"ImageObject","inLanguage":"pt-BR","@id":"https:\/\/transparencia.detran.rr.gov.br\/#\/schema\/logo\/image\/","url":"https:\/\/transparencia.detran.rr.gov.br\/wp-content\/uploads\/2024\/03\/logotipo-detran-rr-1.png","contentUrl":"https:\/\/transparencia.detran.rr.gov.br\/wp-content\/uploads\/2024\/03\/logotipo-detran-rr-1.png","width":375,"height":81,"caption":"Portal da Transpar\u00eancia"},"image":{"@id":"https:\/\/transparencia.detran.rr.gov.br\/#\/schema\/logo\/image\/"},"sameAs":["https:\/\/www.instagram.com\/detranrr\/"]}]}},"_links":{"self":[{"href":"https:\/\/transparencia.detran.rr.gov.br\/index.php\/wp-json\/wp\/v2\/pages\/4435","targetHints":{"allow":["GET"]}}],"collection":[{"href":"https:\/\/transparencia.detran.rr.gov.br\/index.php\/wp-json\/wp\/v2\/pages"}],"about":[{"href":"https:\/\/transparencia.detran.rr.gov.br\/index.php\/wp-json\/wp\/v2\/types\/page"}],"author":[{"embeddable":true,"href":"https:\/\/transparencia.detran.rr.gov.br\/index.php\/wp-json\/wp\/v2\/users\/1"}],"replies":[{"embeddable":true,"href":"https:\/\/transparencia.detran.rr.gov.br\/index.php\/wp-json\/wp\/v2\/comments?post=4435"}],"version-history":[{"count":0,"href":"https:\/\/transparencia.detran.rr.gov.br\/index.php\/wp-json\/wp\/v2\/pages\/4435\/revisions"}],"wp:attachment":[{"href":"https:\/\/transparencia.detran.rr.gov.br\/index.php\/wp-json\/wp\/v2\/media?parent=4435"}],"wp:term":[{"taxonomy":"folder","embeddable":true,"href":"https:\/\/transparencia.detran.rr.gov.br\/index.php\/wp-json\/wp\/v2\/folder?post=4435"}],"curies":[{"name":"wp","href":"https:\/\/api.w.org\/{rel}","templated":true}]}}